{"id":18,"date":"2021-02-10T16:25:44","date_gmt":"2021-02-10T15:25:44","guid":{"rendered":"http:\/\/babysonge.fr\/?page_id=18"},"modified":"2026-02-13T14:56:09","modified_gmt":"2026-02-13T13:56:09","slug":"accueil","status":"publish","type":"page","link":"https:\/\/babysonge.fr\/","title":{"rendered":"ACCUEIL"},"content":{"rendered":"<div id='av_section_1'  class='avia-section main_color avia-section-default avia-no-border-styling  avia-full-stretch av-parallax-section av-section-color-overlay-active avia-bg-style-parallax  avia-builder-el-0  el_before_av_hr  avia-builder-el-first   av-minimum-height av-minimum-height-100  container_wrap fullsize' style=' '  data-section-bg-repeat='stretch' data-av_minimum_height_pc='100'><div class='av-parallax' data-avia-parallax-ratio='0.3' ><div class='av-parallax-inner main_color  avia-full-stretch' style = 'background-repeat: no-repeat; background-image: url(https:\/\/babysonge.fr\/wp-content\/uploads\/2021\/02\/image2-scaled.jpg);background-attachment: scroll; background-position: center center; ' ><\/div><\/div><div class='av-section-color-overlay-wrap'><div class='av-section-color-overlay' style='opacity: 0.3; background-color: #0a0a0a; '><\/div><a href='#next-section' title='' class='scroll-down-link  av-custom-scroll-down-color' style='color: #ffffff;' aria-hidden='true' data-av_icon='\ue877' data-av_iconfont='entypo-fontello'><\/a><div class='container' ><main  role=\"main\" itemprop=\"mainContentOfPage\"  class='template-page content  av-content-full alpha units'><div class='post-entry post-entry-type-page post-entry-18'><div class='entry-content-wrapper clearfix'>\n<div  class='avia-image-container  av-styling-    avia-builder-el-1  avia-builder-el-no-sibling  avia-align-center '  itemprop=\"image\" itemscope=\"itemscope\" itemtype=\"https:\/\/schema.org\/ImageObject\"  ><div class='avia-image-container-inner'><div class='avia-image-overlay-wrap'><img decoding=\"async\" class='wp-image-53 avia-img-lazy-loading-not-53 avia_image' src=\"https:\/\/babysonge.fr\/wp-content\/uploads\/2021\/02\/logo_babysongev1.png\" alt='logo_babysongev1' title='logo' height=\"156\" width=\"340\"  itemprop=\"thumbnailUrl\" srcset=\"https:\/\/babysonge.fr\/wp-content\/uploads\/2021\/02\/logo_babysongev1.png 340w, https:\/\/babysonge.fr\/wp-content\/uploads\/2021\/02\/logo_babysongev1-300x138.png 300w\" sizes=\"(max-width: 340px) 100vw, 340px\" \/><\/div><\/div><\/div>\n<\/div><\/div><\/main><!-- close content main element --><\/div><\/div><\/div><div id='after_section_1'  class='main_color av_default_container_wrap container_wrap fullsize' style=' '  ><div class='container' ><div class='template-page content  av-content-full alpha units'><div class='post-entry post-entry-type-page post-entry-18'><div class='entry-content-wrapper clearfix'>\n<div  style='height:10px' class='hr hr-invisible   avia-builder-el-2  el_after_av_section  el_before_av_section  avia-builder-el-no-sibling '><span class='hr-inner ' ><span class='hr-inner-style'><\/span><\/span><\/div>\n<\/div><\/div><\/div><!-- close content main div --><\/div><\/div><div id='av_section_2'  class='avia-section main_color avia-section-default avia-shadow  avia-bg-style-scroll  avia-builder-el-3  el_after_av_hr  el_before_av_hr   container_wrap fullsize' style='background-color: #edd9ad;  '  ><div class='container' ><div class='template-page content  av-content-full alpha units'><div class='post-entry post-entry-type-page post-entry-18'><div class='entry-content-wrapper clearfix'>\n<div  style='height:1px; margin-top:-20px'  class='hr hr-invisible   avia-builder-el-4  el_before_av_one_full  avia-builder-el-first '><span class='hr-inner ' ><span class='hr-inner-style'><\/span><\/span><\/div>\n<div class=\"flex_column av_one_full  flex_column_div first  avia-builder-el-5  el_after_av_hr  avia-builder-el-last  \" style='padding:0% 4% 0% 4% ; border-radius:0px; '><section class=\"av_textblock_section \"  itemscope=\"itemscope\" itemtype=\"https:\/\/schema.org\/CreativeWork\" ><div class='avia_textblock  av_inherit_color '   itemprop=\"text\" ><h4 style=\"text-align: center;\">Ouverte depuis 2011, Baby Songe a \u00e9t\u00e9 la premi\u00e8re micro cr\u00e8che \u00e0 ouvrir ses portes sur le d\u00e9partement des Pyr\u00e9n\u00e9es Orientales. Une deuxi\u00e8me structure a d\u00e9sormais vu le jour en 2019.<\/h4>\n<p>Bas\u00e9es sur la ville de Perpignan, dans le secteur du Clos Banet, les micro cr\u00e8ches Baby Songe sont des structures \u00e0 taille humaine de 14 places (au maximum) qui accueillent vos enfants du lundi au vendredi de 7h30 \u00e0 18h30.<\/p>\n<\/div><\/section><br \/>\n<div  style='height:1px; margin-top:-30px'  class='hr hr-invisible   avia-builder-el-7  el_after_av_textblock  avia-builder-el-last '><span class='hr-inner ' ><span class='hr-inner-style'><\/span><\/span><\/div><\/p><\/div><\/div><\/div><\/div><!-- close content main div --><\/div><\/div><div id='after_section_2'  class='main_color av_default_container_wrap container_wrap fullsize' style=' '  ><div class='container' ><div class='template-page content  av-content-full alpha units'><div class='post-entry post-entry-type-page post-entry-18'><div class='entry-content-wrapper clearfix'><div  style='height:20px' class='hr hr-invisible   avia-builder-el-8  el_after_av_section  el_before_av_one_half  avia-builder-el-first '><span class='hr-inner ' ><span class='hr-inner-style'><\/span><\/span><\/div><\/p>\n<div class='flex_column_table av-equal-height-column-flextable -flextable' ><div class=\"flex_column av_one_half  flex_column_table_cell av-equal-height-column av-align-middle av-zero-column-padding first  avia-builder-el-9  el_after_av_hr  el_before_av_one_half  \" style='border-radius:0px; '><section class=\"av_textblock_section \"  itemscope=\"itemscope\" itemtype=\"https:\/\/schema.org\/CreativeWork\" ><div class='avia_textblock  av_inherit_color '   itemprop=\"text\" ><h5 style=\"text-align: center;\">Une \u00e9quipe toujours \u00e0 l&#8217;\u00e9coute<\/h5>\n<\/div><\/section><br \/>\n<div  style='height:50px' class='hr hr-invisible   avia-builder-el-11  el_after_av_textblock  el_before_av_textblock '><span class='hr-inner ' ><span class='hr-inner-style'><\/span><\/span><\/div><br \/>\n<section class=\"av_textblock_section \"  itemscope=\"itemscope\" itemtype=\"https:\/\/schema.org\/CreativeWork\" ><div class='avia_textblock  av_inherit_color '  style='font-size:24px; '  itemprop=\"text\" ><h6 style=\"text-align: left;\">Fortes de plus de 13 ans d&#8217;exp\u00e9rience, les deux cr\u00e8ches comptent d\u00e9sormais une \u00e9quipe de 13 personnes :<\/h6>\n<\/div><\/section><br \/>\n<div  style='height:50px' class='hr hr-invisible   avia-builder-el-13  el_after_av_textblock  el_before_av_textblock '><span class='hr-inner ' ><span class='hr-inner-style'><\/span><\/span><\/div><br \/>\n<section class=\"av_textblock_section \"  itemscope=\"itemscope\" itemtype=\"https:\/\/schema.org\/CreativeWork\" ><div class='avia_textblock  av_inherit_color '   itemprop=\"text\" ><ul>\n<li>neuf assistantes de pu\u00e9riculture<\/li>\n<li>deux apprenties<\/li>\n<li>une \u00e9ducatrice de jeunes enfants<\/li>\n<li>une directrice<\/li>\n<\/ul>\n<\/div><\/section><br \/>\n<div  class='avia-button-wrap avia-button-center  avia-builder-el-15  el_after_av_textblock  avia-builder-el-last ' ><a href='https:\/\/babysonge.fr\/index.php\/micro-creche\/'  class='avia-button av-icon-on-hover avia-color-theme-color   avia-icon_select-no avia-size-large avia-position-center '   ><span class='avia_iconbox_title' >D\u00e9couvrir notre philosophie<\/span><\/a><\/div><\/p><\/div>\n<div class='av-flex-placeholder'><\/div><div class=\"flex_column av_one_half  flex_column_table_cell av-equal-height-column av-align-middle av-zero-column-padding   avia-builder-el-16  el_after_av_one_half  el_before_av_layout_row  avia-builder-el-last  \" style='border-radius:0px; '><div  class='avia-image-container  av-styling-    avia-builder-el-17  avia-builder-el-no-sibling  avia-align-center '  itemprop=\"image\" itemscope=\"itemscope\" itemtype=\"https:\/\/schema.org\/ImageObject\"  ><div class='avia-image-container-inner'><div class='avia-image-overlay-wrap'><img decoding=\"async\" class='wp-image-255 avia-img-lazy-loading-not-255 avia_image' src=\"https:\/\/babysonge.fr\/wp-content\/uploads\/2021\/03\/creche5.jpg\" alt='jardin cr\u00eache jeux' title='' height=\"600\" width=\"800\"  itemprop=\"thumbnailUrl\" srcset=\"https:\/\/babysonge.fr\/wp-content\/uploads\/2021\/03\/creche5.jpg 800w, https:\/\/babysonge.fr\/wp-content\/uploads\/2021\/03\/creche5-300x225.jpg 300w, https:\/\/babysonge.fr\/wp-content\/uploads\/2021\/03\/creche5-768x576.jpg 768w, https:\/\/babysonge.fr\/wp-content\/uploads\/2021\/03\/creche5-705x529.jpg 705w\" sizes=\"(max-width: 800px) 100vw, 800px\" \/><\/div><\/div><\/div><\/div><\/div><!--close column table wrapper. Autoclose: 1 -->\n<\/div><\/div><\/div><!-- close content main div --><\/div><\/div><div id='av-layout-grid-1'  class='av-layout-grid-container entry-content-wrapper main_color av-flex-cells     avia-builder-el-18  el_after_av_one_half  el_before_av_layout_row  submenu-not-first container_wrap fullsize' style=' '  >\n<div class=\"flex_cell no_margin av_one_half  avia-builder-el-19  el_before_av_cell_one_half  avia-builder-el-first   \"  style='vertical-align:middle; padding:5%; ' ><div class='flex_cell_inner' ><div class=\"flex_column av_one_full  flex_column_div av-zero-column-padding first  avia-builder-el-20  avia-builder-el-no-sibling  \" style='border-radius:0px; '><div  class='avia-image-container  av-styling-    avia-builder-el-21  avia-builder-el-no-sibling  avia-align-center '  itemprop=\"image\" itemscope=\"itemscope\" itemtype=\"https:\/\/schema.org\/ImageObject\"  ><div class='avia-image-container-inner'><div class='avia-image-overlay-wrap'><img decoding=\"async\" class='wp-image-559 avia-img-lazy-loading-not-559 avia_image' src=\"https:\/\/babysonge.fr\/wp-content\/uploads\/2021\/03\/table-1030x642.jpg\" alt='' title='table' height=\"642\" width=\"1030\"  itemprop=\"thumbnailUrl\" srcset=\"https:\/\/babysonge.fr\/wp-content\/uploads\/2021\/03\/table-1030x642.jpg 1030w, https:\/\/babysonge.fr\/wp-content\/uploads\/2021\/03\/table-300x187.jpg 300w, https:\/\/babysonge.fr\/wp-content\/uploads\/2021\/03\/table-768x479.jpg 768w, https:\/\/babysonge.fr\/wp-content\/uploads\/2021\/03\/table-1536x957.jpg 1536w, https:\/\/babysonge.fr\/wp-content\/uploads\/2021\/03\/table-1500x935.jpg 1500w, https:\/\/babysonge.fr\/wp-content\/uploads\/2021\/03\/table-705x439.jpg 705w, https:\/\/babysonge.fr\/wp-content\/uploads\/2021\/03\/table.jpg 1651w\" sizes=\"(max-width: 1030px) 100vw, 1030px\" \/><\/div><\/div><\/div><\/div>\n<\/div><\/div><div class=\"flex_cell no_margin av_one_half  avia-builder-el-22  el_after_av_cell_one_half  avia-builder-el-last   \"  style='vertical-align:top; padding:5%; ' ><div class='flex_cell_inner' ><p><div class=\"flex_column av_one_full  flex_column_div av-zero-column-padding first  avia-builder-el-23  el_before_av_one_full  avia-builder-el-first  \" style='border-radius:0px; '><section class=\"av_textblock_section \"  itemscope=\"itemscope\" itemtype=\"https:\/\/schema.org\/CreativeWork\" ><div class='avia_textblock  av_inherit_color '   itemprop=\"text\" ><h5 style=\"text-align: center;\">Les jours et horaires<br \/>\nd&#8217;ouverture<\/h5>\n<\/div><\/section><\/div><div class=\"flex_column av_one_full  flex_column_div first  avia-builder-el-25  el_after_av_one_full  avia-builder-el-last  column-top-margin\" style='background: #edd9ad; padding:20px; background-color:#edd9ad; border-radius:10px; '><section class=\"av_textblock_section \"  itemscope=\"itemscope\" itemtype=\"https:\/\/schema.org\/CreativeWork\" ><div class='avia_textblock  av_inherit_color '   itemprop=\"text\" ><ul>\n<li>De 7h30 \u00e0 18h30, 5 jours par semaine du lundi au vendredi<\/li>\n<li>Toute l\u2019ann\u00e9e, 47 semaines par an<\/li>\n<li>Seulement 5 semaines de fermeture par an (10 jours \u00e0 No\u00ebl, 4 semaines en \u00e9t\u00e9)<\/li>\n<\/ul>\n<p><strong>DE 2 A 5 JOURS PAR SEMAINE<\/strong><\/p>\n<p>Nous accueillons les enfants \u00e0 temps plein ou \u00e0 temps partiel, de 2 jours minimum (hormis accueil p\u00e9riscolaire mercredi\/vacances scolaires) \u00e0 5 jours par semaine.<\/p>\n<p>Nous nous adaptons ainsi aux multiples situations des familles.<em><br \/>\n<\/em><\/p>\n<\/div><\/section><br \/>\n<div  class='avia-button-wrap avia-button-center  avia-builder-el-27  el_after_av_textblock  avia-builder-el-last ' ><a href='https:\/\/babysonge.fr\/index.php\/formules\/'  class='avia-button av-icon-on-hover avia-color-theme-color   avia-icon_select-no avia-size-large avia-position-center '   ><span class='avia_iconbox_title' >D\u00e9couvrir nos formules<\/span><\/a><\/div><\/p><\/div><\/p>\n<\/div><\/div>\n<\/div>\n<div id='av-layout-grid-2'  class='av-layout-grid-container entry-content-wrapper main_color av-flex-cells     avia-builder-el-28  el_after_av_layout_row  el_before_av_hr  submenu-not-first container_wrap fullsize' style=' '  >\n<div class=\"flex_cell no_margin av_one_third  avia-builder-el-29  el_before_av_cell_one_third  avia-builder-el-first   \"  style='vertical-align:middle; padding:30px 5% 30px 5% ; ' ><div class='flex_cell_inner' ><section class=\"av_textblock_section \"  itemscope=\"itemscope\" itemtype=\"https:\/\/schema.org\/CreativeWork\" ><div class='avia_textblock  av_inherit_color '  style='color:#0a0a0a; '  itemprop=\"text\" ><h5 style=\"text-align: center;\">Le mercredi,<br \/>\nc&#8217;est permis !<\/h5>\n<\/div><\/section>\n<\/div><\/div><div class=\"flex_cell no_margin av_one_third  avia-builder-el-31  el_after_av_cell_one_third  el_before_av_cell_one_third   \"  style='vertical-align:middle; padding:0px 20px 0px 20px ; ' ><div class='flex_cell_inner' ><section class=\"av_textblock_section \"  itemscope=\"itemscope\" itemtype=\"https:\/\/schema.org\/CreativeWork\" ><div class='avia_textblock  av_inherit_color '   itemprop=\"text\" ><p>Le mercredi est habituellement un jour ch\u00f4m\u00e9 pour les enfants mais pas chez Baby Songe. Nous accueillons les plus petits mais aussi les plus grands (3\/4 ans) et eux aussi ont droit \u00e0 l&#8217;aide <a href=\"https:\/\/www.caf.fr\/allocataires\/droits-et-prestations\/s-informer-sur-les-aides\/petite-enfance\/la-prestation-d-accueil-du-jeune-enfant-paje\">PAJE<\/a>.<\/p>\n<\/div><\/section>\n<\/div><\/div><div class=\"flex_cell no_margin av_one_third  avia-builder-el-33  el_after_av_cell_one_third  avia-builder-el-last   \"  style='vertical-align:middle; padding:30px; ' ><div class='flex_cell_inner' ><div  class='avia-button-wrap avia-button-center  avia-builder-el-34  avia-builder-el-no-sibling ' ><a href='https:\/\/babysonge.fr\/index.php\/contact\/'  class='avia-button av-icon-on-hover avia-color-theme-color   avia-icon_select-yes-left-icon avia-size-large avia-position-center '   ><span class='avia_button_icon avia_button_icon_left ' aria-hidden='true' data-av_icon='\ue805' data-av_iconfont='entypo-fontello'><\/span><span class='avia_iconbox_title' >Nous contacter<\/span><\/a><\/div>\n<\/div><\/div>\n<\/div><div id='after_submenu_2'  class='main_color av_default_container_wrap container_wrap fullsize' style=' '  ><div class='container' ><div class='template-page content  av-content-full alpha units'><div class='post-entry post-entry-type-page post-entry-18'><div class='entry-content-wrapper clearfix'>\n<div  style='height:30px' class='hr hr-invisible   avia-builder-el-35  el_after_av_layout_row  avia-builder-el-no-sibling '><span class='hr-inner ' ><span class='hr-inner-style'><\/span><\/span><\/div>\n","protected":false},"excerpt":{"rendered":"","protected":false},"author":1,"featured_media":0,"parent":0,"menu_order":0,"comment_status":"closed","ping_status":"closed","template":"","meta":[],"yoast_head":"<!-- This site is optimized with the Yoast SEO plugin v18.4.1 - https:\/\/yoast.com\/wordpress\/plugins\/seo\/ -->\n<title>Micro-Cr\u00e9che BABYSONGE \u00e0 Perpignan - Accueil<\/title>\n<meta name=\"description\" content=\"Les micro-cr\u00e8ches BABYSONGE sont des structures \u00e0 taille humaine bas\u00e9e \u00e0 Perpignan depuis 2011. Contactez-nous pour plus d&#039;informations.\" \/>\n<meta name=\"robots\" content=\"index, follow, max-snippet:-1, max-image-preview:large, max-video-preview:-1\" \/>\n<link rel=\"canonical\" href=\"https:\/\/babysonge.fr\/\" \/>\n<meta property=\"og:locale\" content=\"en_US\" \/>\n<meta property=\"og:type\" content=\"article\" \/>\n<meta property=\"og:title\" content=\"Micro-Cr\u00e9che BABYSONGE \u00e0 Perpignan - Accueil\" \/>\n<meta property=\"og:description\" content=\"Les micro-cr\u00e8ches BABYSONGE sont des structures \u00e0 taille humaine bas\u00e9e \u00e0 Perpignan depuis 2011. Contactez-nous pour plus d&#039;informations.\" \/>\n<meta property=\"og:url\" content=\"https:\/\/babysonge.fr\/\" \/>\n<meta property=\"og:site_name\" content=\"BABYSONGE\" \/>\n<meta property=\"article:modified_time\" content=\"2026-02-13T13:56:09+00:00\" \/>\n<meta name=\"twitter:card\" content=\"summary_large_image\" \/>\n<meta name=\"twitter:label1\" content=\"Est. reading time\" \/>\n\t<meta name=\"twitter:data1\" content=\"5 minutes\" \/>\n<script type=\"application\/ld+json\" class=\"yoast-schema-graph\">{\"@context\":\"https:\/\/schema.org\",\"@graph\":[{\"@type\":\"WebSite\",\"@id\":\"https:\/\/babysonge.fr\/#website\",\"url\":\"https:\/\/babysonge.fr\/\",\"name\":\"BABYSONGE\",\"description\":\"Micro-cr\u00e8che \u00e0 Perpignan\",\"potentialAction\":[{\"@type\":\"SearchAction\",\"target\":{\"@type\":\"EntryPoint\",\"urlTemplate\":\"https:\/\/babysonge.fr\/?s={search_term_string}\"},\"query-input\":\"required name=search_term_string\"}],\"inLanguage\":\"en-US\"},{\"@type\":\"WebPage\",\"@id\":\"https:\/\/babysonge.fr\/#webpage\",\"url\":\"https:\/\/babysonge.fr\/\",\"name\":\"Micro-Cr\u00e9che BABYSONGE \u00e0 Perpignan - Accueil\",\"isPartOf\":{\"@id\":\"https:\/\/babysonge.fr\/#website\"},\"datePublished\":\"2021-02-10T15:25:44+00:00\",\"dateModified\":\"2026-02-13T13:56:09+00:00\",\"description\":\"Les micro-cr\u00e8ches BABYSONGE sont des structures \u00e0 taille humaine bas\u00e9e \u00e0 Perpignan depuis 2011. Contactez-nous pour plus d'informations.\",\"breadcrumb\":{\"@id\":\"https:\/\/babysonge.fr\/#breadcrumb\"},\"inLanguage\":\"en-US\",\"potentialAction\":[{\"@type\":\"ReadAction\",\"target\":[\"https:\/\/babysonge.fr\/\"]}]},{\"@type\":\"BreadcrumbList\",\"@id\":\"https:\/\/babysonge.fr\/#breadcrumb\",\"itemListElement\":[{\"@type\":\"ListItem\",\"position\":1,\"name\":\"Accueil\",\"item\":\"https:\/\/babysonge.fr\/\"},{\"@type\":\"ListItem\",\"position\":2,\"name\":\"ACCUEIL\"}]}]}<\/script>\n<!-- \/ Yoast SEO plugin. -->","yoast_head_json":{"title":"Micro-Cr\u00e9che BABYSONGE \u00e0 Perpignan - Accueil","description":"Les micro-cr\u00e8ches BABYSONGE sont des structures \u00e0 taille humaine bas\u00e9e \u00e0 Perpignan depuis 2011. Contactez-nous pour plus d'informations.","robots":{"index":"index","follow":"follow","max-snippet":"max-snippet:-1","max-image-preview":"max-image-preview:large","max-video-preview":"max-video-preview:-1"},"canonical":"https:\/\/babysonge.fr\/","og_locale":"en_US","og_type":"article","og_title":"Micro-Cr\u00e9che BABYSONGE \u00e0 Perpignan - Accueil","og_description":"Les micro-cr\u00e8ches BABYSONGE sont des structures \u00e0 taille humaine bas\u00e9e \u00e0 Perpignan depuis 2011. Contactez-nous pour plus d'informations.","og_url":"https:\/\/babysonge.fr\/","og_site_name":"BABYSONGE","article_modified_time":"2026-02-13T13:56:09+00:00","twitter_card":"summary_large_image","twitter_misc":{"Est. reading time":"5 minutes"},"schema":{"@context":"https:\/\/schema.org","@graph":[{"@type":"WebSite","@id":"https:\/\/babysonge.fr\/#website","url":"https:\/\/babysonge.fr\/","name":"BABYSONGE","description":"Micro-cr\u00e8che \u00e0 Perpignan","potentialAction":[{"@type":"SearchAction","target":{"@type":"EntryPoint","urlTemplate":"https:\/\/babysonge.fr\/?s={search_term_string}"},"query-input":"required name=search_term_string"}],"inLanguage":"en-US"},{"@type":"WebPage","@id":"https:\/\/babysonge.fr\/#webpage","url":"https:\/\/babysonge.fr\/","name":"Micro-Cr\u00e9che BABYSONGE \u00e0 Perpignan - Accueil","isPartOf":{"@id":"https:\/\/babysonge.fr\/#website"},"datePublished":"2021-02-10T15:25:44+00:00","dateModified":"2026-02-13T13:56:09+00:00","description":"Les micro-cr\u00e8ches BABYSONGE sont des structures \u00e0 taille humaine bas\u00e9e \u00e0 Perpignan depuis 2011. Contactez-nous pour plus d'informations.","breadcrumb":{"@id":"https:\/\/babysonge.fr\/#breadcrumb"},"inLanguage":"en-US","potentialAction":[{"@type":"ReadAction","target":["https:\/\/babysonge.fr\/"]}]},{"@type":"BreadcrumbList","@id":"https:\/\/babysonge.fr\/#breadcrumb","itemListElement":[{"@type":"ListItem","position":1,"name":"Accueil","item":"https:\/\/babysonge.fr\/"},{"@type":"ListItem","position":2,"name":"ACCUEIL"}]}]}},"_links":{"self":[{"href":"https:\/\/babysonge.fr\/index.php\/wp-json\/wp\/v2\/pages\/18"}],"collection":[{"href":"https:\/\/babysonge.fr\/index.php\/wp-json\/wp\/v2\/pages"}],"about":[{"href":"https:\/\/babysonge.fr\/index.php\/wp-json\/wp\/v2\/types\/page"}],"author":[{"embeddable":true,"href":"https:\/\/babysonge.fr\/index.php\/wp-json\/wp\/v2\/users\/1"}],"replies":[{"embeddable":true,"href":"https:\/\/babysonge.fr\/index.php\/wp-json\/wp\/v2\/comments?post=18"}],"version-history":[{"count":185,"href":"https:\/\/babysonge.fr\/index.php\/wp-json\/wp\/v2\/pages\/18\/revisions"}],"predecessor-version":[{"id":842,"href":"https:\/\/babysonge.fr\/index.php\/wp-json\/wp\/v2\/pages\/18\/revisions\/842"}],"wp:attachment":[{"href":"https:\/\/babysonge.fr\/index.php\/wp-json\/wp\/v2\/media?parent=18"}],"curies":[{"name":"wp","href":"https:\/\/api.w.org\/{rel}","templated":true}]}}