{"id":20,"date":"2021-02-10T16:27:21","date_gmt":"2021-02-10T15:27:21","guid":{"rendered":"http:\/\/babysonge.fr\/?page_id=20"},"modified":"2024-04-18T16:44:35","modified_gmt":"2024-04-18T14:44:35","slug":"micro-creche","status":"publish","type":"page","link":"https:\/\/babysonge.fr\/index.php\/micro-creche\/","title":{"rendered":"NOTRE PHILOSOPHIE"},"content":{"rendered":"<div id='av_section_1'  class='avia-section main_color avia-section-default avia-no-border-styling  avia-full-stretch av-parallax-section av-section-color-overlay-active avia-bg-style-parallax  avia-builder-el-0  el_before_av_layout_row  avia-builder-el-first   av-minimum-height av-minimum-height-100  container_wrap fullsize' style=' '  data-section-bg-repeat='stretch' data-av_minimum_height_pc='100'><div class='av-parallax' data-avia-parallax-ratio='0.3' ><div class='av-parallax-inner main_color  avia-full-stretch' style = 'background-repeat: no-repeat; background-image: url(https:\/\/babysonge.fr\/wp-content\/uploads\/2021\/02\/notre-micro-creche-scaled.jpg);background-attachment: scroll; background-position: center center; ' ><\/div><\/div><div class='av-section-color-overlay-wrap'><div class='av-section-color-overlay' style='opacity: 0.3; background-color: #0a0a0a; '><\/div><a href='#next-section' title='' class='scroll-down-link  av-custom-scroll-down-color' style='color: #ffffff;' aria-hidden='true' data-av_icon='\ue877' data-av_iconfont='entypo-fontello'><\/a><div class='container' ><main  role=\"main\" itemprop=\"mainContentOfPage\"  class='template-page content  av-content-full alpha units'><div class='post-entry post-entry-type-page post-entry-20'><div class='entry-content-wrapper clearfix'>\n<div  class='avia-image-container  av-styling-    avia-builder-el-1  el_before_av_textblock  avia-builder-el-first  avia-align-center '  itemprop=\"image\" itemscope=\"itemscope\" itemtype=\"https:\/\/schema.org\/ImageObject\"  ><div class='avia-image-container-inner'><div class='avia-image-overlay-wrap'><img decoding=\"async\" class='wp-image-60 avia-img-lazy-loading-not-60 avia_image' src=\"https:\/\/babysonge.fr\/wp-content\/uploads\/2021\/02\/logo_piedsv4-80x80.png\" alt='logo_piedsv4' title='' height=\"80\" width=\"80\"  itemprop=\"thumbnailUrl\" srcset=\"https:\/\/babysonge.fr\/wp-content\/uploads\/2021\/02\/logo_piedsv4-80x80.png 80w, https:\/\/babysonge.fr\/wp-content\/uploads\/2021\/02\/logo_piedsv4-36x36.png 36w\" sizes=\"(max-width: 80px) 100vw, 80px\" \/><\/div><\/div><\/div>\n<section class=\"av_textblock_section \"  itemscope=\"itemscope\" itemtype=\"https:\/\/schema.org\/CreativeWork\" ><div class='avia_textblock  av_inherit_color '  style='color:#ffffff; '  itemprop=\"text\" ><h3 style=\"text-align: center;\"><strong>Notre <\/strong><\/h3>\n<h3 style=\"text-align: center;\"><strong>Philosophie<\/strong><\/h3>\n<\/div><\/section>\n\n<\/div><\/div><\/main><!-- close content main element --><\/div><\/div><\/div><div id='av-layout-grid-1'  class='av-layout-grid-container entry-content-wrapper main_color av-flex-cells     avia-builder-el-3  el_after_av_section  el_before_av_layout_row  submenu-not-first container_wrap fullsize' style=' '  >\n<div class=\"flex_cell no_margin av_one_half  avia-builder-el-4  el_before_av_cell_one_half  avia-builder-el-first   \"  style='vertical-align:middle; padding:5%; ' ><div class='flex_cell_inner' ><section class=\"av_textblock_section \"  itemscope=\"itemscope\" itemtype=\"https:\/\/schema.org\/CreativeWork\" ><div class='avia_textblock  av_inherit_color '   itemprop=\"text\" ><h5 style=\"text-align: center;\">Baby Songe, un lieu d&#8217;accueil et<br \/>\nd\u2019\u00e9veil<\/h5>\n<p>Les Micro Cr\u00e8ches Baby Songe sont des lieux d&#8217;accueil et d\u2019\u00e9veil destin\u00e9s aux enfants de 3 mois \u00e0 4 ans.<\/p>\n<p>Propices au d\u00e9veloppement tant physique qu\u2019intellectuel ou encore \u00e9motionnel, \u00e0 travers un environnement chaleureux et rassurant, elles ne doivent pas \u00eatre un mode de garde passif.<\/p>\n<p>Accompagner l\u2019enfant \u00e0 s&#8217;\u00e9panouir en promouvant l\u2019\u00e9veil et la cr\u00e9ativit\u00e9, ainsi que favoriser son autonomie son langage et conna\u00eetre la socialisation \u00e0 travers le plaisir partag\u00e9 sont des axes importants de nos objectifs.<\/p>\n<p>Plus m\u00eame qu\u2019un lieu de garde, nous souhaitons que nos micro cr\u00e8ches soient une sorte de deuxi\u00e8me maison pour l\u2019enfant, dans une continuit\u00e9 de co parentalit\u00e9.\u00a0<span class=\"iccolor2\">C\u2019est pourquoi nous accordons une place importante aux familles au sein de notre structure.<\/span><\/p>\n<div>\n<p><span class=\"iccolor2\">L\u2019accueil des parents est la premi\u00e8re \u00e9tape pour l\u2019int\u00e9gration de l\u2019enfant. Si les parents sentent que leur enfant sera bien entour\u00e9 et en s\u00e9curit\u00e9, la confiance qu\u2019ils auront dans la structure se ressentira au moment de la s\u00e9paration. L\u2019\u00e9change et le dialogue (parents, \u00e9quipe et encadrement) sont des axes importants de notre mani\u00e8re d\u2019\u00eatre.<\/span><\/p>\n<\/div>\n<\/div><\/section>\n<\/div><\/div><div class=\"flex_cell no_margin av_one_half  avia-builder-el-6  el_after_av_cell_one_half  avia-builder-el-last   \"  style='vertical-align:middle; padding:30px; ' ><div class='flex_cell_inner' ><div  class='avia-image-container  av-styling-    avia-builder-el-7  avia-builder-el-no-sibling  avia-align-center '  itemprop=\"image\" itemscope=\"itemscope\" itemtype=\"https:\/\/schema.org\/ImageObject\"  ><div class='avia-image-container-inner'><div class='avia-image-overlay-wrap'><img decoding=\"async\" class='wp-image-452 avia-img-lazy-loading-not-452 avia_image' src=\"https:\/\/babysonge.fr\/wp-content\/uploads\/2021\/03\/photo1.png\" alt='activit\u00e9s' title='' height=\"1000\" width=\"1000\"  itemprop=\"thumbnailUrl\" srcset=\"https:\/\/babysonge.fr\/wp-content\/uploads\/2021\/03\/photo1.png 1000w, https:\/\/babysonge.fr\/wp-content\/uploads\/2021\/03\/photo1-300x300.png 300w, https:\/\/babysonge.fr\/wp-content\/uploads\/2021\/03\/photo1-80x80.png 80w, https:\/\/babysonge.fr\/wp-content\/uploads\/2021\/03\/photo1-768x768.png 768w, https:\/\/babysonge.fr\/wp-content\/uploads\/2021\/03\/photo1-36x36.png 36w, https:\/\/babysonge.fr\/wp-content\/uploads\/2021\/03\/photo1-180x180.png 180w, https:\/\/babysonge.fr\/wp-content\/uploads\/2021\/03\/photo1-705x705.png 705w\" sizes=\"(max-width: 1000px) 100vw, 1000px\" \/><\/div><\/div><\/div>\n<\/div><\/div>\n<\/div>\n<div id='av-layout-grid-2'  class='av-layout-grid-container entry-content-wrapper main_color av-flex-cells     avia-builder-el-8  el_after_av_layout_row  el_before_av_image  submenu-not-first container_wrap fullsize' style=' '  >\n<div class=\"flex_cell no_margin av_two_fifth  avia-builder-el-9  el_before_av_cell_three_fifth  avia-builder-el-first   \"  style='vertical-align:middle; padding:0% 0% 0% 5% ; ' ><div class='flex_cell_inner' ><div  class='avia-image-container  av-styling-    avia-builder-el-10  avia-builder-el-no-sibling  avia-align-center '  itemprop=\"image\" itemscope=\"itemscope\" itemtype=\"https:\/\/schema.org\/ImageObject\"  ><div class='avia-image-container-inner'><div class='avia-image-overlay-wrap'><img decoding=\"async\" class='wp-image-430 avia-img-lazy-loading-not-430 avia_image' src=\"https:\/\/babysonge.fr\/wp-content\/uploads\/2021\/03\/sable-scaled-e1614963749913-1030x665.jpg\" alt='enfant jeux sable' title='' height=\"665\" width=\"1030\"  itemprop=\"thumbnailUrl\" srcset=\"https:\/\/babysonge.fr\/wp-content\/uploads\/2021\/03\/sable-scaled-e1614963749913-1030x665.jpg 1030w, https:\/\/babysonge.fr\/wp-content\/uploads\/2021\/03\/sable-scaled-e1614963749913-300x194.jpg 300w, https:\/\/babysonge.fr\/wp-content\/uploads\/2021\/03\/sable-scaled-e1614963749913-768x496.jpg 768w, https:\/\/babysonge.fr\/wp-content\/uploads\/2021\/03\/sable-scaled-e1614963749913-1536x991.jpg 1536w, https:\/\/babysonge.fr\/wp-content\/uploads\/2021\/03\/sable-scaled-e1614963749913-1500x968.jpg 1500w, https:\/\/babysonge.fr\/wp-content\/uploads\/2021\/03\/sable-scaled-e1614963749913-705x455.jpg 705w, https:\/\/babysonge.fr\/wp-content\/uploads\/2021\/03\/sable-scaled-e1614963749913.jpg 1824w\" sizes=\"(max-width: 1030px) 100vw, 1030px\" \/><\/div><\/div><\/div>\n<\/div><\/div><div class=\"flex_cell no_margin av_three_fifth  avia-builder-el-11  el_after_av_cell_two_fifth  avia-builder-el-last   \"  style='vertical-align:middle; padding:50px 5% 50px 5% ; ' ><div class='flex_cell_inner' ><section class=\"av_textblock_section \"  itemscope=\"itemscope\" itemtype=\"https:\/\/schema.org\/CreativeWork\" ><div class='avia_textblock  av_inherit_color '   itemprop=\"text\" ><h5 style=\"text-align: center;\">Au rythme de chaque enfant<\/h5>\n<p>L\u2019enfant est pris en compte dans son ensemble tout en respectant son individualit\u00e9. En l\u2019absence des parents, nous travaillons \u00e0 pr\u00e9server le bien-\u00eatre des \u00ab petits \u00bb (enfants), au niveau affectif (soins, c\u00e2lins, maternit\u00e9) et \u00e9ducatif (politesse, \u00e9coute, partage, respect des autres) pour permettre \u00e0 l\u2019enfant de d\u00e9couvrir les r\u00e8gles de vie en collectivit\u00e9. Nous veillons \u00e0\u00a0 respecter \u00a0autant que possible leurs besoins, leur rythme de vie et leurs rites (sommeil, alimentation, jeux\u2026)<\/p>\n<p>Nous proposons la verticalit\u00e9 (m\u00e9lange des \u00e2ges) pour une meilleure harmonie du d\u00e9veloppement dans un am\u00e9nagement favorable \u00e0 la rencontre et \u00e0 la collaboration entre enfants. Les grands prennent soin des petits et les petits imitent les grands, donc les uns et les autres profitent au mieux de leur s\u00e9jour \u00e0 la cr\u00e8che.<\/p>\n<p>Le projet p\u00e9dagogique est en constant mouvement, nous l\u2019adaptons aux diverses recherches et formations que nous suivons. Les \u00e9quipes sont form\u00e9es \u00e0 diverses p\u00e9dagogies (Montessori, \u00e9ducation positive et bienveillante, motricit\u00e9 libre etc.) Elles sont form\u00e9es chaque ann\u00e9e afin d\u2019\u00e9toffer leurs connaissances. Notre but \u00e9tant d\u2019apporter des r\u00e9ponses personnalis\u00e9es aux enfants. Ce qui convient \u00e0 un enfant de convient pas forcement \u00e0 un autre\u00a0!<\/p>\n<p><strong>\u00a0<\/strong><\/p>\n<\/div><\/section>\n<\/div><\/div>\n<\/div><div id='after_submenu_2'  class='main_color av_default_container_wrap container_wrap fullsize' style=' '  ><div class='container' ><div class='template-page content  av-content-full alpha units'><div class='post-entry post-entry-type-page post-entry-20'><div class='entry-content-wrapper clearfix'>\n<div  class='avia-image-container  av-styling-    avia-builder-el-13  el_after_av_layout_row  el_before_av_one_half  avia-builder-el-first  avia-align-center '  itemprop=\"image\" itemscope=\"itemscope\" itemtype=\"https:\/\/schema.org\/ImageObject\"  ><div class='avia-image-container-inner'><div class='avia-image-overlay-wrap'><img decoding=\"async\" class='wp-image-434 avia-img-lazy-loading-not-434 avia_image' src=\"https:\/\/babysonge.fr\/wp-content\/uploads\/2021\/03\/salle1.jpg\" alt='cr\u00eache salle jeux' title='' height=\"947\" width=\"2048\"  itemprop=\"thumbnailUrl\" srcset=\"https:\/\/babysonge.fr\/wp-content\/uploads\/2021\/03\/salle1.jpg 2048w, https:\/\/babysonge.fr\/wp-content\/uploads\/2021\/03\/salle1-300x139.jpg 300w, https:\/\/babysonge.fr\/wp-content\/uploads\/2021\/03\/salle1-1030x476.jpg 1030w, https:\/\/babysonge.fr\/wp-content\/uploads\/2021\/03\/salle1-768x355.jpg 768w, https:\/\/babysonge.fr\/wp-content\/uploads\/2021\/03\/salle1-1536x710.jpg 1536w, https:\/\/babysonge.fr\/wp-content\/uploads\/2021\/03\/salle1-1500x694.jpg 1500w, https:\/\/babysonge.fr\/wp-content\/uploads\/2021\/03\/salle1-705x326.jpg 705w\" sizes=\"(max-width: 2048px) 100vw, 2048px\" \/><\/div><\/div><\/div>\n<div class='flex_column_table av-equal-height-column-flextable -flextable' ><div class=\"flex_column av_one_half  flex_column_table_cell av-equal-height-column av-align-middle av-zero-column-padding first  avia-builder-el-14  el_after_av_image  el_before_av_one_half  \" style='border-radius:0px; '><section class=\"av_textblock_section \"  itemscope=\"itemscope\" itemtype=\"https:\/\/schema.org\/CreativeWork\" ><div class='avia_textblock  av_inherit_color '   itemprop=\"text\" ><h5 style=\"text-align: center;\">L&#8217;apprentissage par le jeu<\/h5>\n<p>L\u2019espace est \u00e9pur\u00e9 aux couleurs neutres (nous favorisons le blanc et le bois) . Nous mettons d\u2019ailleurs des jeux \u00e0 disposition des enfants et non des jouets afin qu\u2019il d\u00e9veloppe le \u00ab\u00a0Je\u00a0\u00bb en tant qu\u2019identit\u00e9 propre.<\/p>\n<p>Nous favorisons le jeu libre qui permet \u00e0 l\u2019enfant de laisser libre cours \u00e0 toute son imagination et sa cr\u00e9ativit\u00e9. Ces temps sont pr\u00e9cieux. Non ils ne s\u2019ennuient pas, ils d\u00e9couvrent et exp\u00e9rimentent. Et trouvent des solutions, leurs solutions !<\/p>\n<p>Nous invitons l\u2019enfant \u00e0 participer aux ateliers, nous ne for\u00e7ons rien. Il doit en rester le principal acteur, l\u2019adulte doit guider et non faire \u00e0 sa place. Nous ne rendons donc pas de \u00ab\u00a0merveilleuses\u00a0\u00bb productions r\u00e9guli\u00e8rement, nous souhaitons que cela est du sens pour l\u2019enfant en fonction de l\u00e0 ou il en est.<\/p>\n<\/div><\/section><\/div><div class='av-flex-placeholder'><\/div><div class=\"flex_column av_one_half  flex_column_table_cell av-equal-height-column av-align-middle   avia-builder-el-16  el_after_av_one_half  avia-builder-el-last  \" style='padding:0% 10% 0% 10% ; border-radius:0px; '><div  class='avia-image-container  av-styling-    avia-builder-el-17  avia-builder-el-no-sibling  avia-align-center '  itemprop=\"image\" itemscope=\"itemscope\" itemtype=\"https:\/\/schema.org\/ImageObject\"  ><div class='avia-image-container-inner'><div class='avia-image-overlay-wrap'><img decoding=\"async\" class='wp-image-440 avia-img-lazy-loading-not-440 avia_image' src=\"https:\/\/babysonge.fr\/wp-content\/uploads\/2021\/03\/kappla-692x1030.jpg\" alt='enfant jeux kappla' title='kappla' height=\"1030\" width=\"692\"  itemprop=\"thumbnailUrl\" srcset=\"https:\/\/babysonge.fr\/wp-content\/uploads\/2021\/03\/kappla-692x1030.jpg 692w, https:\/\/babysonge.fr\/wp-content\/uploads\/2021\/03\/kappla-202x300.jpg 202w, https:\/\/babysonge.fr\/wp-content\/uploads\/2021\/03\/kappla-768x1143.jpg 768w, https:\/\/babysonge.fr\/wp-content\/uploads\/2021\/03\/kappla-474x705.jpg 474w, https:\/\/babysonge.fr\/wp-content\/uploads\/2021\/03\/kappla.jpg 928w\" sizes=\"(max-width: 692px) 100vw, 692px\" \/><\/div><\/div><\/div><\/div><\/div><!--close column table wrapper. Autoclose: 1 --><\/p>\n","protected":false},"excerpt":{"rendered":"","protected":false},"author":1,"featured_media":0,"parent":0,"menu_order":1,"comment_status":"closed","ping_status":"closed","template":"","meta":[],"yoast_head":"<!-- This site is optimized with the Yoast SEO plugin v18.4.1 - https:\/\/yoast.com\/wordpress\/plugins\/seo\/ -->\n<title>NOTRE PHILOSOPHIE - BABYSONGE<\/title>\n<meta name=\"robots\" content=\"index, follow, max-snippet:-1, max-image-preview:large, max-video-preview:-1\" \/>\n<link rel=\"canonical\" href=\"https:\/\/babysonge.fr\/index.php\/micro-creche\/\" \/>\n<meta property=\"og:locale\" content=\"en_US\" \/>\n<meta property=\"og:type\" content=\"article\" \/>\n<meta property=\"og:title\" content=\"NOTRE PHILOSOPHIE - BABYSONGE\" \/>\n<meta property=\"og:url\" content=\"https:\/\/babysonge.fr\/index.php\/micro-creche\/\" \/>\n<meta property=\"og:site_name\" content=\"BABYSONGE\" \/>\n<meta property=\"article:modified_time\" content=\"2024-04-18T14:44:35+00:00\" \/>\n<meta name=\"twitter:card\" content=\"summary_large_image\" \/>\n<meta name=\"twitter:label1\" content=\"Est. reading time\" \/>\n\t<meta name=\"twitter:data1\" content=\"5 minutes\" \/>\n<script type=\"application\/ld+json\" class=\"yoast-schema-graph\">{\"@context\":\"https:\/\/schema.org\",\"@graph\":[{\"@type\":\"WebSite\",\"@id\":\"https:\/\/babysonge.fr\/#website\",\"url\":\"https:\/\/babysonge.fr\/\",\"name\":\"BABYSONGE\",\"description\":\"Micro-cr\u00e8che \u00e0 Perpignan\",\"potentialAction\":[{\"@type\":\"SearchAction\",\"target\":{\"@type\":\"EntryPoint\",\"urlTemplate\":\"https:\/\/babysonge.fr\/?s={search_term_string}\"},\"query-input\":\"required name=search_term_string\"}],\"inLanguage\":\"en-US\"},{\"@type\":\"WebPage\",\"@id\":\"https:\/\/babysonge.fr\/index.php\/micro-creche\/#webpage\",\"url\":\"https:\/\/babysonge.fr\/index.php\/micro-creche\/\",\"name\":\"NOTRE PHILOSOPHIE - BABYSONGE\",\"isPartOf\":{\"@id\":\"https:\/\/babysonge.fr\/#website\"},\"datePublished\":\"2021-02-10T15:27:21+00:00\",\"dateModified\":\"2024-04-18T14:44:35+00:00\",\"breadcrumb\":{\"@id\":\"https:\/\/babysonge.fr\/index.php\/micro-creche\/#breadcrumb\"},\"inLanguage\":\"en-US\",\"potentialAction\":[{\"@type\":\"ReadAction\",\"target\":[\"https:\/\/babysonge.fr\/index.php\/micro-creche\/\"]}]},{\"@type\":\"BreadcrumbList\",\"@id\":\"https:\/\/babysonge.fr\/index.php\/micro-creche\/#breadcrumb\",\"itemListElement\":[{\"@type\":\"ListItem\",\"position\":1,\"name\":\"Accueil\",\"item\":\"https:\/\/babysonge.fr\/\"},{\"@type\":\"ListItem\",\"position\":2,\"name\":\"NOTRE PHILOSOPHIE\"}]}]}<\/script>\n<!-- \/ Yoast SEO plugin. -->","yoast_head_json":{"title":"NOTRE PHILOSOPHIE - BABYSONGE","robots":{"index":"index","follow":"follow","max-snippet":"max-snippet:-1","max-image-preview":"max-image-preview:large","max-video-preview":"max-video-preview:-1"},"canonical":"https:\/\/babysonge.fr\/index.php\/micro-creche\/","og_locale":"en_US","og_type":"article","og_title":"NOTRE PHILOSOPHIE - BABYSONGE","og_url":"https:\/\/babysonge.fr\/index.php\/micro-creche\/","og_site_name":"BABYSONGE","article_modified_time":"2024-04-18T14:44:35+00:00","twitter_card":"summary_large_image","twitter_misc":{"Est. reading time":"5 minutes"},"schema":{"@context":"https:\/\/schema.org","@graph":[{"@type":"WebSite","@id":"https:\/\/babysonge.fr\/#website","url":"https:\/\/babysonge.fr\/","name":"BABYSONGE","description":"Micro-cr\u00e8che \u00e0 Perpignan","potentialAction":[{"@type":"SearchAction","target":{"@type":"EntryPoint","urlTemplate":"https:\/\/babysonge.fr\/?s={search_term_string}"},"query-input":"required name=search_term_string"}],"inLanguage":"en-US"},{"@type":"WebPage","@id":"https:\/\/babysonge.fr\/index.php\/micro-creche\/#webpage","url":"https:\/\/babysonge.fr\/index.php\/micro-creche\/","name":"NOTRE PHILOSOPHIE - BABYSONGE","isPartOf":{"@id":"https:\/\/babysonge.fr\/#website"},"datePublished":"2021-02-10T15:27:21+00:00","dateModified":"2024-04-18T14:44:35+00:00","breadcrumb":{"@id":"https:\/\/babysonge.fr\/index.php\/micro-creche\/#breadcrumb"},"inLanguage":"en-US","potentialAction":[{"@type":"ReadAction","target":["https:\/\/babysonge.fr\/index.php\/micro-creche\/"]}]},{"@type":"BreadcrumbList","@id":"https:\/\/babysonge.fr\/index.php\/micro-creche\/#breadcrumb","itemListElement":[{"@type":"ListItem","position":1,"name":"Accueil","item":"https:\/\/babysonge.fr\/"},{"@type":"ListItem","position":2,"name":"NOTRE PHILOSOPHIE"}]}]}},"_links":{"self":[{"href":"https:\/\/babysonge.fr\/index.php\/wp-json\/wp\/v2\/pages\/20"}],"collection":[{"href":"https:\/\/babysonge.fr\/index.php\/wp-json\/wp\/v2\/pages"}],"about":[{"href":"https:\/\/babysonge.fr\/index.php\/wp-json\/wp\/v2\/types\/page"}],"author":[{"embeddable":true,"href":"https:\/\/babysonge.fr\/index.php\/wp-json\/wp\/v2\/users\/1"}],"replies":[{"embeddable":true,"href":"https:\/\/babysonge.fr\/index.php\/wp-json\/wp\/v2\/comments?post=20"}],"version-history":[{"count":97,"href":"https:\/\/babysonge.fr\/index.php\/wp-json\/wp\/v2\/pages\/20\/revisions"}],"predecessor-version":[{"id":824,"href":"https:\/\/babysonge.fr\/index.php\/wp-json\/wp\/v2\/pages\/20\/revisions\/824"}],"wp:attachment":[{"href":"https:\/\/babysonge.fr\/index.php\/wp-json\/wp\/v2\/media?parent=20"}],"curies":[{"name":"wp","href":"https:\/\/api.w.org\/{rel}","templated":true}]}}