{"id":25,"date":"2021-02-10T16:29:34","date_gmt":"2021-02-10T15:29:34","guid":{"rendered":"http:\/\/babysonge.fr\/?page_id=25"},"modified":"2026-02-25T16:33:39","modified_gmt":"2026-02-25T15:33:39","slug":"formules","status":"publish","type":"page","link":"https:\/\/babysonge.fr\/index.php\/formules\/","title":{"rendered":"NOS FORMULES"},"content":{"rendered":"<div id='av_section_1'  class='avia-section main_color avia-section-default avia-no-border-styling  avia-full-stretch av-parallax-section av-section-color-overlay-active avia-bg-style-parallax  avia-builder-el-0  el_before_av_textblock  avia-builder-el-first   av-minimum-height av-minimum-height-100  container_wrap fullsize' style=' '  data-section-bg-repeat='stretch' data-av_minimum_height_pc='100'><div class='av-parallax' data-avia-parallax-ratio='0.3' ><div class='av-parallax-inner main_color  avia-full-stretch' style = 'background-repeat: no-repeat; background-image: url(https:\/\/babysonge.fr\/wp-content\/uploads\/2021\/02\/journee2-1-scaled.jpg);background-attachment: scroll; background-position: center center; ' ><\/div><\/div><div class='av-section-color-overlay-wrap'><div class='av-section-color-overlay' style='opacity: 0.3; background-color: #0a0a0a; '><\/div><a href='#next-section' title='' class='scroll-down-link  av-custom-scroll-down-color' style='color: #ffffff;' aria-hidden='true' data-av_icon='\ue877' data-av_iconfont='entypo-fontello'><\/a><div class='container' ><main  role=\"main\" itemprop=\"mainContentOfPage\"  class='template-page content  av-content-full alpha units'><div class='post-entry post-entry-type-page post-entry-25'><div class='entry-content-wrapper clearfix'>\n<div  class='avia-image-container  av-styling-    avia-builder-el-1  el_before_av_textblock  avia-builder-el-first  avia-align-center '  itemprop=\"image\" itemscope=\"itemscope\" itemtype=\"https:\/\/schema.org\/ImageObject\"  ><div class='avia-image-container-inner'><div class='avia-image-overlay-wrap'><img decoding=\"async\" class='wp-image-60 avia-img-lazy-loading-not-60 avia_image' src=\"https:\/\/babysonge.fr\/wp-content\/uploads\/2021\/02\/logo_piedsv4-80x80.png\" alt='logo_piedsv4' title='' height=\"80\" width=\"80\"  itemprop=\"thumbnailUrl\" srcset=\"https:\/\/babysonge.fr\/wp-content\/uploads\/2021\/02\/logo_piedsv4-80x80.png 80w, https:\/\/babysonge.fr\/wp-content\/uploads\/2021\/02\/logo_piedsv4-36x36.png 36w\" sizes=\"(max-width: 80px) 100vw, 80px\" \/><\/div><\/div><\/div>\n<section class=\"av_textblock_section \"  itemscope=\"itemscope\" itemtype=\"https:\/\/schema.org\/CreativeWork\" ><div class='avia_textblock  av_inherit_color '  style='color:#ffffff; '  itemprop=\"text\" ><h3 style=\"text-align: center;\">Nos formules<\/h3>\n<\/div><\/section>\n<\/div><\/div><\/main><!-- close content main element --><\/div><\/div><\/div><div id='after_section_1'  class='main_color av_default_container_wrap container_wrap fullsize' style=' '  ><div class='container' ><div class='template-page content  av-content-full alpha units'><div class='post-entry post-entry-type-page post-entry-25'><div class='entry-content-wrapper clearfix'>\n<section class=\"av_textblock_section \"  itemscope=\"itemscope\" itemtype=\"https:\/\/schema.org\/CreativeWork\" ><div class='avia_textblock  av_inherit_color '   itemprop=\"text\" ><h5 style=\"text-align: center;\">Nos formules d&#8217;accueil<\/h5>\n<\/div><\/section>\n<div class='flex_column_table av-equal-height-column-flextable -flextable' ><div class=\"flex_column av_one_full  flex_column_table_cell av-equal-height-column av-align-middle av-zero-column-padding first  avia-builder-el-4  el_after_av_textblock  el_before_av_four_fifth  column-top-margin\" style='border-radius:0px; '><p><section class=\"av_textblock_section \"  itemscope=\"itemscope\" itemtype=\"https:\/\/schema.org\/CreativeWork\" ><div class='avia_textblock  av_inherit_color '   itemprop=\"text\" ><p>La cr\u00e8che propose 3 formules :<\/p>\n<ul>\n<li>\u00e0 la journ\u00e9e,<\/li>\n<li>\u00e0 la demi-journ\u00e9e le matin,<\/li>\n<li>\u00e0 la demi-journ\u00e9e apr\u00e8s-midi.<\/li>\n<\/ul>\n<p>Elle couvre la prise en charge de l\u2019enfant dans la structure, les collations et boissons et les soins d\u2019hygi\u00e8ne.<\/p>\n<\/div><\/section><br \/>\n<div  class='avia-icon-list-container   avia-builder-el-6  el_after_av_textblock  avia-builder-el-last '><ul class='avia-icon-list avia-icon-list-left av-iconlist-big avia_animate_when_almost_visible avia-iconlist-animate'>\n<li><div  style='background-color:#edae44; ' class='iconlist_icon  avia-font-fontello'><span class='iconlist-char ' aria-hidden='true' data-av_icon='\ue83b' data-av_iconfont='fontello'><\/span><\/div><article class=\"article-icon-entry \"  itemscope=\"itemscope\" itemtype=\"https:\/\/schema.org\/CreativeWork\" ><div class='iconlist_content_wrap'><header class=\"entry-content-header\"><h4 class='av_iconlist_title iconlist_title  av_inherit_color '  itemprop=\"headline\"   style='color:#edae44; font-size:20px; '>Les couches<\/h4><\/header><div class='iconlist_content  '  itemprop=\"text\"  ><p>La micro cr\u00e8che fournit \u00e9galement les couches jusqu\u2019\u00e0 l\u2019acquisition de la propret\u00e9 de l\u2019enfant.<\/p>\n<\/div><\/div><footer class=\"entry-footer\"><\/footer><\/article><div class='iconlist-timeline'><\/div><\/li>\n<li><div  style='background-color:#edae44; ' class='iconlist_icon  avia-font-fontello'><span class='iconlist-char ' aria-hidden='true' data-av_icon='\uf0f5' data-av_iconfont='fontello'><\/span><\/div><article class=\"article-icon-entry \"  itemscope=\"itemscope\" itemtype=\"https:\/\/schema.org\/CreativeWork\" ><div class='iconlist_content_wrap'><header class=\"entry-content-header\"><h4 class='av_iconlist_title iconlist_title  av_inherit_color '  itemprop=\"headline\"   style='color:#edae44; font-size:20px; '>A table !<\/h4><\/header><div class='iconlist_content  '  itemprop=\"text\"  ><p>Le repas du\u00a0midi\u00a0est factur\u00e9 5\u20ac par jour. Il est apport\u00e9 quotidiennement \u00e0 la cr\u00e8che par un traiteur sp\u00e9cialis\u00e9.<\/p>\n<p><img decoding=\"async\" loading=\"lazy\" class=\"size-portfolio wp-image-454 aligncenter\" src=\"http:\/\/babysonge.fr\/wp-content\/uploads\/2021\/03\/repas-495x400.jpg\" alt=\"\" width=\"495\" height=\"400\" srcset=\"https:\/\/babysonge.fr\/wp-content\/uploads\/2021\/03\/repas-495x400.jpg 495w, https:\/\/babysonge.fr\/wp-content\/uploads\/2021\/03\/repas-845x684.jpg 845w\" sizes=\"(max-width: 495px) 100vw, 495px\" \/><\/p>\n<\/div><\/div><footer class=\"entry-footer\"><\/footer><\/article><div class='iconlist-timeline'><\/div><\/li>\n<\/ul><\/div><\/p><\/div><\/div><!--close column table wrapper. Autoclose: 1 -->\n<div class='flex_column_table av-equal-height-column-flextable -flextable' ><div class=\"flex_column av_four_fifth  flex_column_table_cell av-equal-height-column av-align-middle av-zero-column-padding first  avia-builder-el-7  el_after_av_one_full  el_before_av_one_fifth  column-top-margin\" style='border-radius:0px; '><p><div  style='height:1px; margin-top:-50px'  class='hr hr-invisible   avia-builder-el-8  el_before_av_textblock  avia-builder-el-first '><span class='hr-inner ' ><span class='hr-inner-style'><\/span><\/span><\/div><br \/>\n<section class=\"av_textblock_section \"  itemscope=\"itemscope\" itemtype=\"https:\/\/schema.org\/CreativeWork\" ><div class='avia_textblock  av_inherit_color '   itemprop=\"text\" ><h5>Nos tarifs<\/h5>\n<p>Nous accueillons les enfants \u00e0 temps plein ou \u00e0 temps partiel, <strong>de 2 jours minimum<\/strong> (hormis accueil p\u00e9riscolaire mercredi\/vacances scolaires) \u00e0 5 jours par semaine.<\/p>\n<p>Nous nous adaptons ainsi aux multiples situations des familles.<\/p>\n<p>Vous trouverez ci-contre les tarifs avant et apr\u00e8s aide PAJE.<\/p>\n<p>Tout forfait entam\u00e9 est d\u00fb dans son int\u00e9gralit\u00e9.<\/p>\n<p>Pour en savoir plus sur <a href=\"https:\/\/www.caf.fr\/allocataires\/droits-et-prestations\/s-informer-sur-les-aides\/petite-enfance\/la-prestation-d-accueil-du-jeune-enfant-paje\">la PAJE<\/a> ou sur le compl\u00e9ment de libre choix du mode de garde pour les MICRO CRECHES,\u00a0visitez le site de <a href=\"https:\/\/www.caf.fr\/allocataires\/droits-et-prestations\/s-informer-sur-les-aides\/petite-enfance\/la-prestation-d-accueil-du-jeune-enfant-paje\">la CAF<\/a>,<\/p>\n<\/div><\/section><\/p><\/div>\n<div class='av-flex-placeholder'><\/div><div class=\"flex_column av_one_fifth  flex_column_table_cell av-equal-height-column av-align-middle av-zero-column-padding   avia-builder-el-10  el_after_av_four_fifth  el_before_av_iconlist  column-top-margin\" style='border-radius:0px; '><section class=\"av_textblock_section \"  itemscope=\"itemscope\" itemtype=\"https:\/\/schema.org\/CreativeWork\" ><div class='avia_textblock  '   itemprop=\"text\" ><p style=\"text-align: center;\"><strong>Nos tarifs<\/strong><\/p>\n<\/div><\/section><br \/>\n<div  class='avia-image-container  av-styling-    avia-builder-el-12  el_after_av_textblock  avia-builder-el-last  avia-align-center '  itemprop=\"image\" itemscope=\"itemscope\" itemtype=\"https:\/\/schema.org\/ImageObject\"  ><div class='avia-image-container-inner'><div class='avia-image-overlay-wrap'><a href='https:\/\/babysonge.fr\/wp-content\/uploads\/2026\/02\/Tarifs-Janvier-2026.pdf' class='avia_image'   target=\"_blank\"  rel=\"noopener noreferrer\"><img decoding=\"async\" width=\"80\" height=\"80\" class='wp-image-576 avia-img-lazy-loading-not-576 avia_image' src=\"https:\/\/babysonge.fr\/wp-content\/uploads\/2021\/03\/logopdf-80x80.png\" alt='tarifs' title='logopdf'  itemprop=\"thumbnailUrl\" srcset=\"https:\/\/babysonge.fr\/wp-content\/uploads\/2021\/03\/logopdf-80x80.png 80w, https:\/\/babysonge.fr\/wp-content\/uploads\/2021\/03\/logopdf-36x36.png 36w, https:\/\/babysonge.fr\/wp-content\/uploads\/2021\/03\/logopdf-180x180.png 180w, https:\/\/babysonge.fr\/wp-content\/uploads\/2021\/03\/logopdf.png 256w\" sizes=\"(max-width: 80px) 100vw, 80px\" \/><\/a><\/div><\/div><\/div><\/p><\/div><\/div><!--close column table wrapper. Autoclose: 1 --><div  class='avia-icon-list-container   avia-builder-el-13  el_after_av_one_fifth  avia-builder-el-last '><ul class='avia-icon-list avia-icon-list-left av-iconlist-big avia_animate_when_almost_visible avia-iconlist-animate'>\n<li><div  style='background-color:#edae44; ' class='iconlist_icon  avia-font-entypo-fontello'><span class='iconlist-char ' aria-hidden='true' data-av_icon='\ue84d' data-av_iconfont='entypo-fontello'><\/span><\/div><article class=\"article-icon-entry \"  itemscope=\"itemscope\" itemtype=\"https:\/\/schema.org\/CreativeWork\" ><div class='iconlist_content_wrap'><header class=\"entry-content-header\"><h4 class='av_iconlist_title iconlist_title  av_inherit_color '  itemprop=\"headline\"   style='color:#edae44; font-size:20px; '>Cr\u00e9dit d\u2019imp\u00f4ts<\/h4><\/header><div class='iconlist_content  '  itemprop=\"text\"  ><p><strong>La micro cr\u00e8che donne droit \u00e0 un cr\u00e9dit d\u00b4imp\u00f4t :\u00a0<\/strong><strong>50% des sommes vers\u00e9es dans la limite de 3500 euros (soit 1750 euros maximum par enfant).<\/strong><\/p>\n<\/div><\/div><footer class=\"entry-footer\"><\/footer><\/article><div class='iconlist-timeline'><\/div><\/li>\n<\/ul><\/div><\/p>\n","protected":false},"excerpt":{"rendered":"","protected":false},"author":1,"featured_media":0,"parent":0,"menu_order":3,"comment_status":"closed","ping_status":"closed","template":"","meta":[],"yoast_head":"<!-- This site is optimized with the Yoast SEO plugin v18.4.1 - https:\/\/yoast.com\/wordpress\/plugins\/seo\/ -->\n<title>NOS FORMULES - BABYSONGE<\/title>\n<meta name=\"robots\" content=\"index, follow, max-snippet:-1, max-image-preview:large, max-video-preview:-1\" \/>\n<link rel=\"canonical\" href=\"https:\/\/babysonge.fr\/index.php\/formules\/\" \/>\n<meta property=\"og:locale\" content=\"en_US\" \/>\n<meta property=\"og:type\" content=\"article\" \/>\n<meta property=\"og:title\" content=\"NOS FORMULES - BABYSONGE\" \/>\n<meta property=\"og:url\" content=\"https:\/\/babysonge.fr\/index.php\/formules\/\" \/>\n<meta property=\"og:site_name\" content=\"BABYSONGE\" \/>\n<meta property=\"article:modified_time\" content=\"2026-02-25T15:33:39+00:00\" \/>\n<meta property=\"og:image\" content=\"http:\/\/babysonge.fr\/wp-content\/uploads\/2021\/03\/repas-495x400.jpg\" \/>\n<meta name=\"twitter:card\" content=\"summary_large_image\" \/>\n<meta name=\"twitter:label1\" content=\"Est. reading time\" \/>\n\t<meta name=\"twitter:data1\" content=\"3 minutes\" \/>\n<script type=\"application\/ld+json\" class=\"yoast-schema-graph\">{\"@context\":\"https:\/\/schema.org\",\"@graph\":[{\"@type\":\"WebSite\",\"@id\":\"https:\/\/babysonge.fr\/#website\",\"url\":\"https:\/\/babysonge.fr\/\",\"name\":\"BABYSONGE\",\"description\":\"Micro-cr\u00e8che \u00e0 Perpignan\",\"potentialAction\":[{\"@type\":\"SearchAction\",\"target\":{\"@type\":\"EntryPoint\",\"urlTemplate\":\"https:\/\/babysonge.fr\/?s={search_term_string}\"},\"query-input\":\"required name=search_term_string\"}],\"inLanguage\":\"en-US\"},{\"@type\":\"ImageObject\",\"@id\":\"https:\/\/babysonge.fr\/index.php\/formules\/#primaryimage\",\"inLanguage\":\"en-US\",\"url\":\"http:\/\/babysonge.fr\/wp-content\/uploads\/2021\/03\/repas-495x400.jpg\",\"contentUrl\":\"http:\/\/babysonge.fr\/wp-content\/uploads\/2021\/03\/repas-495x400.jpg\"},{\"@type\":\"WebPage\",\"@id\":\"https:\/\/babysonge.fr\/index.php\/formules\/#webpage\",\"url\":\"https:\/\/babysonge.fr\/index.php\/formules\/\",\"name\":\"NOS FORMULES - BABYSONGE\",\"isPartOf\":{\"@id\":\"https:\/\/babysonge.fr\/#website\"},\"primaryImageOfPage\":{\"@id\":\"https:\/\/babysonge.fr\/index.php\/formules\/#primaryimage\"},\"datePublished\":\"2021-02-10T15:29:34+00:00\",\"dateModified\":\"2026-02-25T15:33:39+00:00\",\"breadcrumb\":{\"@id\":\"https:\/\/babysonge.fr\/index.php\/formules\/#breadcrumb\"},\"inLanguage\":\"en-US\",\"potentialAction\":[{\"@type\":\"ReadAction\",\"target\":[\"https:\/\/babysonge.fr\/index.php\/formules\/\"]}]},{\"@type\":\"BreadcrumbList\",\"@id\":\"https:\/\/babysonge.fr\/index.php\/formules\/#breadcrumb\",\"itemListElement\":[{\"@type\":\"ListItem\",\"position\":1,\"name\":\"Accueil\",\"item\":\"https:\/\/babysonge.fr\/\"},{\"@type\":\"ListItem\",\"position\":2,\"name\":\"NOS FORMULES\"}]}]}<\/script>\n<!-- \/ Yoast SEO plugin. -->","yoast_head_json":{"title":"NOS FORMULES - BABYSONGE","robots":{"index":"index","follow":"follow","max-snippet":"max-snippet:-1","max-image-preview":"max-image-preview:large","max-video-preview":"max-video-preview:-1"},"canonical":"https:\/\/babysonge.fr\/index.php\/formules\/","og_locale":"en_US","og_type":"article","og_title":"NOS FORMULES - BABYSONGE","og_url":"https:\/\/babysonge.fr\/index.php\/formules\/","og_site_name":"BABYSONGE","article_modified_time":"2026-02-25T15:33:39+00:00","og_image":[{"url":"http:\/\/babysonge.fr\/wp-content\/uploads\/2021\/03\/repas-495x400.jpg"}],"twitter_card":"summary_large_image","twitter_misc":{"Est. reading time":"3 minutes"},"schema":{"@context":"https:\/\/schema.org","@graph":[{"@type":"WebSite","@id":"https:\/\/babysonge.fr\/#website","url":"https:\/\/babysonge.fr\/","name":"BABYSONGE","description":"Micro-cr\u00e8che \u00e0 Perpignan","potentialAction":[{"@type":"SearchAction","target":{"@type":"EntryPoint","urlTemplate":"https:\/\/babysonge.fr\/?s={search_term_string}"},"query-input":"required name=search_term_string"}],"inLanguage":"en-US"},{"@type":"ImageObject","@id":"https:\/\/babysonge.fr\/index.php\/formules\/#primaryimage","inLanguage":"en-US","url":"http:\/\/babysonge.fr\/wp-content\/uploads\/2021\/03\/repas-495x400.jpg","contentUrl":"http:\/\/babysonge.fr\/wp-content\/uploads\/2021\/03\/repas-495x400.jpg"},{"@type":"WebPage","@id":"https:\/\/babysonge.fr\/index.php\/formules\/#webpage","url":"https:\/\/babysonge.fr\/index.php\/formules\/","name":"NOS FORMULES - BABYSONGE","isPartOf":{"@id":"https:\/\/babysonge.fr\/#website"},"primaryImageOfPage":{"@id":"https:\/\/babysonge.fr\/index.php\/formules\/#primaryimage"},"datePublished":"2021-02-10T15:29:34+00:00","dateModified":"2026-02-25T15:33:39+00:00","breadcrumb":{"@id":"https:\/\/babysonge.fr\/index.php\/formules\/#breadcrumb"},"inLanguage":"en-US","potentialAction":[{"@type":"ReadAction","target":["https:\/\/babysonge.fr\/index.php\/formules\/"]}]},{"@type":"BreadcrumbList","@id":"https:\/\/babysonge.fr\/index.php\/formules\/#breadcrumb","itemListElement":[{"@type":"ListItem","position":1,"name":"Accueil","item":"https:\/\/babysonge.fr\/"},{"@type":"ListItem","position":2,"name":"NOS FORMULES"}]}]}},"_links":{"self":[{"href":"https:\/\/babysonge.fr\/index.php\/wp-json\/wp\/v2\/pages\/25"}],"collection":[{"href":"https:\/\/babysonge.fr\/index.php\/wp-json\/wp\/v2\/pages"}],"about":[{"href":"https:\/\/babysonge.fr\/index.php\/wp-json\/wp\/v2\/types\/page"}],"author":[{"embeddable":true,"href":"https:\/\/babysonge.fr\/index.php\/wp-json\/wp\/v2\/users\/1"}],"replies":[{"embeddable":true,"href":"https:\/\/babysonge.fr\/index.php\/wp-json\/wp\/v2\/comments?post=25"}],"version-history":[{"count":72,"href":"https:\/\/babysonge.fr\/index.php\/wp-json\/wp\/v2\/pages\/25\/revisions"}],"predecessor-version":[{"id":847,"href":"https:\/\/babysonge.fr\/index.php\/wp-json\/wp\/v2\/pages\/25\/revisions\/847"}],"wp:attachment":[{"href":"https:\/\/babysonge.fr\/index.php\/wp-json\/wp\/v2\/media?parent=25"}],"curies":[{"name":"wp","href":"https:\/\/api.w.org\/{rel}","templated":true}]}}